{"id":2,"date":"2019-05-14T01:33:47","date_gmt":"2019-05-13T22:33:47","guid":{"rendered":"https:\/\/cozum.teknolojisistemleri.com\/?page_id=2"},"modified":"2023-05-07T15:08:56","modified_gmt":"2023-05-07T12:08:56","slug":"anasayfa","status":"publish","type":"page","link":"https:\/\/cozumegitimkurumlari.com\/","title":{"rendered":"Anasayfa"},"content":{"rendered":"\t\t<div data-elementor-type=\"wp-page\" data-elementor-id=\"2\" class=\"elementor elementor-2\" data-elementor-post-type=\"page\">\n\t\t\t\t\t\t<section class=\"elementor-section elementor-top-section elementor-element elementor-element-42d3375 elementor-section-boxed elementor-section-height-default elementor-section-height-default\" data-id=\"42d3375\" data-element_type=\"section\">\r\n\t\t\t\r\n\t\t\t\t\t\t\t\t\t<div class=\"elementor-container elementor-column-gap-default\">\r\n\t\t\t\t\t\t\t\t<div class=\"elementor-row\">\r\n\t\t\t\t\t\t\t<div class=\"elementor-column elementor-col-100 elementor-top-column elementor-element elementor-element-d01e769\" data-id=\"d01e769\" data-element_type=\"column\">\r\n\r\n\t\t\t\t\t<div class=\"elementor-column-wrap elementor-element-populated\">\r\n\t\t\t\t\t\t\t<div class=\"elementor-widget-wrap\">\r\n\t\t\t\t\t\t<div class=\"elementor-element elementor-element-bc4b717 elementor-widget elementor-widget-spacer\" data-id=\"bc4b717\" data-element_type=\"widget\" data-widget_type=\"spacer.default\">\n\t\t\t\t<div class=\"elementor-widget-container\">\n\t\t\t<style>\/*! elementor - v3.20.0 - 11-03-2024 *\/\n.elementor-column .elementor-spacer-inner{height:var(--spacer-size)}.e-con{--container-widget-width:100%}.e-con-inner>.elementor-widget-spacer,.e-con>.elementor-widget-spacer{width:var(--container-widget-width,var(--spacer-size));--align-self:var(--container-widget-align-self,initial);--flex-shrink:0}.e-con-inner>.elementor-widget-spacer>.elementor-widget-container,.e-con>.elementor-widget-spacer>.elementor-widget-container{height:100%;width:100%}.e-con-inner>.elementor-widget-spacer>.elementor-widget-container>.elementor-spacer,.e-con>.elementor-widget-spacer>.elementor-widget-container>.elementor-spacer{height:100%}.e-con-inner>.elementor-widget-spacer>.elementor-widget-container>.elementor-spacer>.elementor-spacer-inner,.e-con>.elementor-widget-spacer>.elementor-widget-container>.elementor-spacer>.elementor-spacer-inner{height:var(--container-widget-height,var(--spacer-size))}.e-con-inner>.elementor-widget-spacer.elementor-widget-empty,.e-con>.elementor-widget-spacer.elementor-widget-empty{position:relative;min-height:22px;min-width:22px}.e-con-inner>.elementor-widget-spacer.elementor-widget-empty .elementor-widget-empty-icon,.e-con>.elementor-widget-spacer.elementor-widget-empty .elementor-widget-empty-icon{position:absolute;top:0;bottom:0;left:0;right:0;margin:auto;padding:0;width:22px;height:22px}<\/style>\t\t<div class=\"elementor-spacer\">\n\t\t\t<div class=\"elementor-spacer-inner\"><\/div>\n\t\t<\/div>\n\t\t\t\t<\/div>\n\t\t\t\t<\/div>\n\t\t\t\t\t\t<\/div>\r\n\t\t\t\t\t<\/div>\r\n\t\t\t\t<\/div>\r\n\t\t\t\t\t\t<\/div>\r\n\t\t\t\t\t<\/div>\r\n\t\t\t\t<\/section>\r\n\t\t\t\t<section class=\"elementor-section elementor-top-section elementor-element elementor-element-eaa194f elementor-section-boxed elementor-section-height-default elementor-section-height-default\" data-id=\"eaa194f\" data-element_type=\"section\">\r\n\t\t\t\r\n\t\t\t\t\t\t\t\t\t<div class=\"elementor-container elementor-column-gap-default\">\r\n\t\t\t\t\t\t\t\t<div class=\"elementor-row\">\r\n\t\t\t\t\t\t\t<div class=\"elementor-column elementor-col-33 elementor-top-column elementor-element elementor-element-db5b55c\" data-id=\"db5b55c\" data-element_type=\"column\">\r\n\r\n\t\t\t\t\t<div class=\"elementor-column-wrap elementor-element-populated\">\r\n\t\t\t\t\t\t\t<div class=\"elementor-widget-wrap\">\r\n\t\t\t\t\t\t<div class=\"elementor-element elementor-element-d3dc323 elementor-widget elementor-widget-image\" data-id=\"d3dc323\" data-element_type=\"widget\" data-widget_type=\"image.default\">\n\t\t\t\t<div class=\"elementor-widget-container\">\n\t\t\t<style>\/*! elementor - v3.20.0 - 11-03-2024 *\/\n.elementor-widget-image{text-align:center}.elementor-widget-image a{display:inline-block}.elementor-widget-image a img[src$=\".svg\"]{width:48px}.elementor-widget-image img{vertical-align:middle;display:inline-block}<\/style>\t\t\t\t\t\t\t\t\t\t\t<a href=\"https:\/\/www.cozumkoleji.com.tr\/\">\n\t\t\t\t\t\t\t<img fetchpriority=\"high\" decoding=\"async\" width=\"400\" height=\"400\" src=\"https:\/\/cozumegitimkurumlari.com\/wp-content\/uploads\/2023\/05\/cozum-kolej.jpg\" class=\"attachment-large size-large wp-image-625\" alt=\"\" \/>\t\t\t\t\t\t\t\t<\/a>\n\t\t\t\t\t\t\t\t\t\t\t\t\t<\/div>\n\t\t\t\t<\/div>\n\t\t\t\t\t\t<\/div>\r\n\t\t\t\t\t<\/div>\r\n\t\t\t\t<\/div>\r\n\t\t\t\t<div class=\"elementor-column elementor-col-33 elementor-top-column elementor-element elementor-element-d0ce3bc\" data-id=\"d0ce3bc\" data-element_type=\"column\">\r\n\r\n\t\t\t\t\t<div class=\"elementor-column-wrap elementor-element-populated\">\r\n\t\t\t\t\t\t\t<div class=\"elementor-widget-wrap\">\r\n\t\t\t\t\t\t<div class=\"elementor-element elementor-element-f0d511c elementor-widget elementor-widget-image\" data-id=\"f0d511c\" data-element_type=\"widget\" data-widget_type=\"image.default\">\n\t\t\t\t<div class=\"elementor-widget-container\">\n\t\t\t\t\t\t\t\t\t\t\t\t\t\t<a href=\"https:\/\/www.cozumakademiokullari.com\/\">\n\t\t\t\t\t\t\t<img decoding=\"async\" width=\"400\" height=\"400\" src=\"https:\/\/cozumegitimkurumlari.com\/wp-content\/uploads\/2023\/05\/akademi-okullari.jpg\" class=\"attachment-large size-large wp-image-623\" alt=\"\" \/>\t\t\t\t\t\t\t\t<\/a>\n\t\t\t\t\t\t\t\t\t\t\t\t\t<\/div>\n\t\t\t\t<\/div>\n\t\t\t\t\t\t<\/div>\r\n\t\t\t\t\t<\/div>\r\n\t\t\t\t<\/div>\r\n\t\t\t\t<div class=\"elementor-column elementor-col-33 elementor-top-column elementor-element elementor-element-d78ddbb\" data-id=\"d78ddbb\" data-element_type=\"column\">\r\n\r\n\t\t\t\t\t<div class=\"elementor-column-wrap elementor-element-populated\">\r\n\t\t\t\t\t\t\t<div class=\"elementor-widget-wrap\">\r\n\t\t\t\t\t\t<div class=\"elementor-element elementor-element-dedefa4 elementor-widget elementor-widget-image\" data-id=\"dedefa4\" data-element_type=\"widget\" data-widget_type=\"image.default\">\n\t\t\t\t<div class=\"elementor-widget-container\">\n\t\t\t\t\t\t\t\t\t\t\t\t\t\t<a href=\"https:\/\/cozumkursmerkezi.com\/\">\n\t\t\t\t\t\t\t<img decoding=\"async\" width=\"400\" height=\"400\" src=\"https:\/\/cozumegitimkurumlari.com\/wp-content\/uploads\/2023\/05\/cozum-kurs.jpg\" class=\"attachment-large size-large wp-image-626\" alt=\"\" \/>\t\t\t\t\t\t\t\t<\/a>\n\t\t\t\t\t\t\t\t\t\t\t\t\t<\/div>\n\t\t\t\t<\/div>\n\t\t\t\t\t\t<\/div>\r\n\t\t\t\t\t<\/div>\r\n\t\t\t\t<\/div>\r\n\t\t\t\t\t\t<\/div>\r\n\t\t\t\t\t<\/div>\r\n\t\t\t\t<\/section>\r\n\t\t\t\t<section class=\"elementor-section elementor-top-section elementor-element elementor-element-8629b7c elementor-section-boxed elementor-section-height-default elementor-section-height-default\" data-id=\"8629b7c\" data-element_type=\"section\">\r\n\t\t\t\r\n\t\t\t\t\t\t\t\t\t<div class=\"elementor-container elementor-column-gap-default\">\r\n\t\t\t\t\t\t\t\t<div class=\"elementor-row\">\r\n\t\t\t\t\t\t\t<div class=\"elementor-column elementor-col-100 elementor-top-column elementor-element elementor-element-3c24c0c\" data-id=\"3c24c0c\" data-element_type=\"column\">\r\n\r\n\t\t\t\t\t<div class=\"elementor-column-wrap elementor-element-populated\">\r\n\t\t\t\t\t\t\t<div class=\"elementor-widget-wrap\">\r\n\t\t\t\t\t\t<div class=\"elementor-element elementor-element-d56adcd elementor-widget elementor-widget-spacer\" data-id=\"d56adcd\" data-element_type=\"widget\" data-widget_type=\"spacer.default\">\n\t\t\t\t<div class=\"elementor-widget-container\">\n\t\t\t\t\t<div class=\"elementor-spacer\">\n\t\t\t<div class=\"elementor-spacer-inner\"><\/div>\n\t\t<\/div>\n\t\t\t\t<\/div>\n\t\t\t\t<\/div>\n\t\t\t\t\t\t<\/div>\r\n\t\t\t\t\t<\/div>\r\n\t\t\t\t<\/div>\r\n\t\t\t\t\t\t<\/div>\r\n\t\t\t\t\t<\/div>\r\n\t\t\t\t<\/section>\r\n\t\t\t\t<\/div>\n\t\t","protected":false},"excerpt":{"rendered":"","protected":false},"author":1,"featured_media":0,"parent":0,"menu_order":0,"comment_status":"closed","ping_status":"closed","template":"","meta":{"footnotes":""},"class_list":["post-2","page","type-page","status-publish","hentry"],"yoast_head":"<!-- This site is optimized with the Yoast SEO plugin v22.2 - https:\/\/yoast.com\/wordpress\/plugins\/seo\/ -->\n<title>\u00c7\u00f6z\u00fcm E\u011fitim Kurumlar\u0131 - Bursluluk S\u0131nav\u0131 - Ba\u015far\u0131ya \u00d6d\u00fcl S\u0131nav\u0131<\/title>\n<meta name=\"description\" content=\"ba\u015far\u0131ya \u00d6d\u00fcl S\u0131nav\u0131 ile \u00c7\u00f6z\u00fcm E\u011fitim Kurumlar\u0131nda Okuma F\u0131rsat\u0131n\u0131 Ka\u00e7\u0131rma. Bursluluk S\u0131nav\u0131 ile \u0130ndirimli E\u011fitim Hakk\u0131 Elde Et.\" \/>\n<meta name=\"robots\" content=\"index, follow, max-snippet:-1, max-image-preview:large, max-video-preview:-1\" \/>\n<link rel=\"canonical\" href=\"https:\/\/cozumegitimkurumlari.com\/\" \/>\n<meta property=\"og:locale\" content=\"tr_TR\" \/>\n<meta property=\"og:type\" content=\"article\" \/>\n<meta property=\"og:title\" content=\"\u00c7\u00f6z\u00fcm E\u011fitim Kurumlar\u0131 - Bursluluk S\u0131nav\u0131 - Ba\u015far\u0131ya \u00d6d\u00fcl S\u0131nav\u0131\" \/>\n<meta property=\"og:description\" content=\"ba\u015far\u0131ya \u00d6d\u00fcl S\u0131nav\u0131 ile \u00c7\u00f6z\u00fcm E\u011fitim Kurumlar\u0131nda Okuma F\u0131rsat\u0131n\u0131 Ka\u00e7\u0131rma. Bursluluk S\u0131nav\u0131 ile \u0130ndirimli E\u011fitim Hakk\u0131 Elde Et.\" \/>\n<meta property=\"og:url\" content=\"https:\/\/cozumegitimkurumlari.com\/\" \/>\n<meta property=\"og:site_name\" content=\"\u00c7\u00f6z\u00fcm E\u011fitim Kurumlar\u0131\" \/>\n<meta property=\"article:modified_time\" content=\"2023-05-07T12:08:56+00:00\" \/>\n<meta property=\"og:image\" content=\"https:\/\/cozumegitimkurumlari.com\/wp-content\/uploads\/2023\/05\/cozum-kolej.jpg\" \/>\n<meta name=\"twitter:card\" content=\"summary_large_image\" \/>\n<meta name=\"twitter:label1\" content=\"Tahmini okuma s\u00fcresi\" \/>\n\t<meta name=\"twitter:data1\" content=\"1 dakika\" \/>\n<script type=\"application\/ld+json\" class=\"yoast-schema-graph\">{\"@context\":\"https:\/\/schema.org\",\"@graph\":[{\"@type\":\"WebPage\",\"@id\":\"https:\/\/cozumegitimkurumlari.com\/\",\"url\":\"https:\/\/cozumegitimkurumlari.com\/\",\"name\":\"\u00c7\u00f6z\u00fcm E\u011fitim Kurumlar\u0131 - Bursluluk S\u0131nav\u0131 - Ba\u015far\u0131ya \u00d6d\u00fcl S\u0131nav\u0131\",\"isPartOf\":{\"@id\":\"https:\/\/cozumegitimkurumlari.com\/#website\"},\"primaryImageOfPage\":{\"@id\":\"https:\/\/cozumegitimkurumlari.com\/#primaryimage\"},\"image\":{\"@id\":\"https:\/\/cozumegitimkurumlari.com\/#primaryimage\"},\"thumbnailUrl\":\"https:\/\/cozumegitimkurumlari.com\/wp-content\/uploads\/2023\/05\/cozum-kolej.jpg\",\"datePublished\":\"2019-05-13T22:33:47+00:00\",\"dateModified\":\"2023-05-07T12:08:56+00:00\",\"description\":\"ba\u015far\u0131ya \u00d6d\u00fcl S\u0131nav\u0131 ile \u00c7\u00f6z\u00fcm E\u011fitim Kurumlar\u0131nda Okuma F\u0131rsat\u0131n\u0131 Ka\u00e7\u0131rma. Bursluluk S\u0131nav\u0131 ile \u0130ndirimli E\u011fitim Hakk\u0131 Elde Et.\",\"breadcrumb\":{\"@id\":\"https:\/\/cozumegitimkurumlari.com\/#breadcrumb\"},\"inLanguage\":\"tr\",\"potentialAction\":[{\"@type\":\"ReadAction\",\"target\":[\"https:\/\/cozumegitimkurumlari.com\/\"]}]},{\"@type\":\"ImageObject\",\"inLanguage\":\"tr\",\"@id\":\"https:\/\/cozumegitimkurumlari.com\/#primaryimage\",\"url\":\"https:\/\/cozumegitimkurumlari.com\/wp-content\/uploads\/2023\/05\/cozum-kolej.jpg\",\"contentUrl\":\"https:\/\/cozumegitimkurumlari.com\/wp-content\/uploads\/2023\/05\/cozum-kolej.jpg\",\"width\":400,\"height\":400},{\"@type\":\"BreadcrumbList\",\"@id\":\"https:\/\/cozumegitimkurumlari.com\/#breadcrumb\",\"itemListElement\":[{\"@type\":\"ListItem\",\"position\":1,\"name\":\"Anasayfa\",\"item\":\"https:\/\/cozumegitimkurumlari.com\/\"},{\"@type\":\"ListItem\",\"position\":2,\"name\":\"Anasayfa\"}]},{\"@type\":\"WebSite\",\"@id\":\"https:\/\/cozumegitimkurumlari.com\/#website\",\"url\":\"https:\/\/cozumegitimkurumlari.com\/\",\"name\":\"\u00c7\u00f6z\u00fcm E\u011fitim Kurumlar\u0131\",\"description\":\"\",\"potentialAction\":[{\"@type\":\"SearchAction\",\"target\":{\"@type\":\"EntryPoint\",\"urlTemplate\":\"https:\/\/cozumegitimkurumlari.com\/?s={search_term_string}\"},\"query-input\":\"required name=search_term_string\"}],\"inLanguage\":\"tr\"}]}<\/script>\n<!-- \/ Yoast SEO plugin. -->","yoast_head_json":{"title":"\u00c7\u00f6z\u00fcm E\u011fitim Kurumlar\u0131 - Bursluluk S\u0131nav\u0131 - Ba\u015far\u0131ya \u00d6d\u00fcl S\u0131nav\u0131","description":"ba\u015far\u0131ya \u00d6d\u00fcl S\u0131nav\u0131 ile \u00c7\u00f6z\u00fcm E\u011fitim Kurumlar\u0131nda Okuma F\u0131rsat\u0131n\u0131 Ka\u00e7\u0131rma. Bursluluk S\u0131nav\u0131 ile \u0130ndirimli E\u011fitim Hakk\u0131 Elde Et.","robots":{"index":"index","follow":"follow","max-snippet":"max-snippet:-1","max-image-preview":"max-image-preview:large","max-video-preview":"max-video-preview:-1"},"canonical":"https:\/\/cozumegitimkurumlari.com\/","og_locale":"tr_TR","og_type":"article","og_title":"\u00c7\u00f6z\u00fcm E\u011fitim Kurumlar\u0131 - Bursluluk S\u0131nav\u0131 - Ba\u015far\u0131ya \u00d6d\u00fcl S\u0131nav\u0131","og_description":"ba\u015far\u0131ya \u00d6d\u00fcl S\u0131nav\u0131 ile \u00c7\u00f6z\u00fcm E\u011fitim Kurumlar\u0131nda Okuma F\u0131rsat\u0131n\u0131 Ka\u00e7\u0131rma. Bursluluk S\u0131nav\u0131 ile \u0130ndirimli E\u011fitim Hakk\u0131 Elde Et.","og_url":"https:\/\/cozumegitimkurumlari.com\/","og_site_name":"\u00c7\u00f6z\u00fcm E\u011fitim Kurumlar\u0131","article_modified_time":"2023-05-07T12:08:56+00:00","og_image":[{"url":"https:\/\/cozumegitimkurumlari.com\/wp-content\/uploads\/2023\/05\/cozum-kolej.jpg"}],"twitter_card":"summary_large_image","twitter_misc":{"Tahmini okuma s\u00fcresi":"1 dakika"},"schema":{"@context":"https:\/\/schema.org","@graph":[{"@type":"WebPage","@id":"https:\/\/cozumegitimkurumlari.com\/","url":"https:\/\/cozumegitimkurumlari.com\/","name":"\u00c7\u00f6z\u00fcm E\u011fitim Kurumlar\u0131 - Bursluluk S\u0131nav\u0131 - Ba\u015far\u0131ya \u00d6d\u00fcl S\u0131nav\u0131","isPartOf":{"@id":"https:\/\/cozumegitimkurumlari.com\/#website"},"primaryImageOfPage":{"@id":"https:\/\/cozumegitimkurumlari.com\/#primaryimage"},"image":{"@id":"https:\/\/cozumegitimkurumlari.com\/#primaryimage"},"thumbnailUrl":"https:\/\/cozumegitimkurumlari.com\/wp-content\/uploads\/2023\/05\/cozum-kolej.jpg","datePublished":"2019-05-13T22:33:47+00:00","dateModified":"2023-05-07T12:08:56+00:00","description":"ba\u015far\u0131ya \u00d6d\u00fcl S\u0131nav\u0131 ile \u00c7\u00f6z\u00fcm E\u011fitim Kurumlar\u0131nda Okuma F\u0131rsat\u0131n\u0131 Ka\u00e7\u0131rma. Bursluluk S\u0131nav\u0131 ile \u0130ndirimli E\u011fitim Hakk\u0131 Elde Et.","breadcrumb":{"@id":"https:\/\/cozumegitimkurumlari.com\/#breadcrumb"},"inLanguage":"tr","potentialAction":[{"@type":"ReadAction","target":["https:\/\/cozumegitimkurumlari.com\/"]}]},{"@type":"ImageObject","inLanguage":"tr","@id":"https:\/\/cozumegitimkurumlari.com\/#primaryimage","url":"https:\/\/cozumegitimkurumlari.com\/wp-content\/uploads\/2023\/05\/cozum-kolej.jpg","contentUrl":"https:\/\/cozumegitimkurumlari.com\/wp-content\/uploads\/2023\/05\/cozum-kolej.jpg","width":400,"height":400},{"@type":"BreadcrumbList","@id":"https:\/\/cozumegitimkurumlari.com\/#breadcrumb","itemListElement":[{"@type":"ListItem","position":1,"name":"Anasayfa","item":"https:\/\/cozumegitimkurumlari.com\/"},{"@type":"ListItem","position":2,"name":"Anasayfa"}]},{"@type":"WebSite","@id":"https:\/\/cozumegitimkurumlari.com\/#website","url":"https:\/\/cozumegitimkurumlari.com\/","name":"\u00c7\u00f6z\u00fcm E\u011fitim Kurumlar\u0131","description":"","potentialAction":[{"@type":"SearchAction","target":{"@type":"EntryPoint","urlTemplate":"https:\/\/cozumegitimkurumlari.com\/?s={search_term_string}"},"query-input":"required name=search_term_string"}],"inLanguage":"tr"}]}},"_links":{"self":[{"href":"https:\/\/cozumegitimkurumlari.com\/index.php\/wp-json\/wp\/v2\/pages\/2","targetHints":{"allow":["GET"]}}],"collection":[{"href":"https:\/\/cozumegitimkurumlari.com\/index.php\/wp-json\/wp\/v2\/pages"}],"about":[{"href":"https:\/\/cozumegitimkurumlari.com\/index.php\/wp-json\/wp\/v2\/types\/page"}],"author":[{"embeddable":true,"href":"https:\/\/cozumegitimkurumlari.com\/index.php\/wp-json\/wp\/v2\/users\/1"}],"replies":[{"embeddable":true,"href":"https:\/\/cozumegitimkurumlari.com\/index.php\/wp-json\/wp\/v2\/comments?post=2"}],"version-history":[{"count":19,"href":"https:\/\/cozumegitimkurumlari.com\/index.php\/wp-json\/wp\/v2\/pages\/2\/revisions"}],"predecessor-version":[{"id":629,"href":"https:\/\/cozumegitimkurumlari.com\/index.php\/wp-json\/wp\/v2\/pages\/2\/revisions\/629"}],"wp:attachment":[{"href":"https:\/\/cozumegitimkurumlari.com\/index.php\/wp-json\/wp\/v2\/media?parent=2"}],"curies":[{"name":"wp","href":"https:\/\/api.w.org\/{rel}","templated":true}]}}